{"id":43,"date":"2024-09-09T08:18:57","date_gmt":"2024-09-09T08:18:57","guid":{"rendered":"http:\/\/13.229.67.82\/?page_id=43"},"modified":"2025-11-28T03:07:51","modified_gmt":"2025-11-28T03:07:51","slug":"contact","status":"publish","type":"page","link":"https:\/\/orthian.vn\/vi\/contact\/","title":{"rendered":"Li\u00ean h\u1ec7"},"content":{"rendered":"<div data-elementor-type=\"wp-page\" data-elementor-id=\"43\" class=\"elementor elementor-43\" data-elementor-post-type=\"page\">\n\t\t\t\t<div class=\"elementor-element elementor-element-8d23e25 e-flex e-con-boxed e-con e-parent\" data-id=\"8d23e25\" data-element_type=\"container\">\n\t\t\t\t\t<div class=\"e-con-inner\">\n\t\t<div class=\"elementor-element elementor-element-e05cc12 e-con-full e-flex e-con e-child\" data-id=\"e05cc12\" data-element_type=\"container\">\n\t\t\t\t<div class=\"elementor-element elementor-element-a4f76c2 elementor-widget__width-initial elementor-widget elementor-widget-heading\" data-id=\"a4f76c2\" data-element_type=\"widget\" data-widget_type=\"heading.default\">\n\t\t\t\t<div class=\"elementor-widget-container\">\n\t\t\t\t\t<p class=\"elementor-heading-title elementor-size-default\">Li\u00ean h\u1ec7 v\u1edbi ch\u00fang t\u00f4i<\/p>\t\t\t\t<\/div>\n\t\t\t\t<\/div>\n\t\t\t\t<div class=\"elementor-element elementor-element-d23c558 elementor-invisible elementor-widget elementor-widget-heading\" data-id=\"d23c558\" data-element_type=\"widget\" data-settings=\"{&quot;_animation&quot;:&quot;fadeInUp&quot;}\" data-widget_type=\"heading.default\">\n\t\t\t\t<div class=\"elementor-widget-container\">\n\t\t\t\t\t<h1 class=\"elementor-heading-title elementor-size-default\">B\u1ea1n c\u00f3 d\u1ef1 \u00e1n? <span class=\"txt-blue\">Ch\u00fang ta h\u00e3y n\u00f3i chuy\u1ec7n nh\u00e9!<\/span><\/h1>\t\t\t\t<\/div>\n\t\t\t\t<\/div>\n\t\t\t\t<\/div>\n\t\t<div class=\"elementor-element elementor-element-03659e4 e-con-full animated-slow e-flex elementor-invisible e-con e-child\" data-id=\"03659e4\" data-element_type=\"container\" data-settings=\"{&quot;background_background&quot;:&quot;classic&quot;,&quot;animation&quot;:&quot;fadeInUp&quot;}\">\n\t\t<div class=\"elementor-element elementor-element-795865b e-con-full e-flex e-con e-child\" data-id=\"795865b\" data-element_type=\"container\">\n\t\t<div class=\"elementor-element elementor-element-18f0205 e-con-full e-flex e-con e-child\" data-id=\"18f0205\" data-element_type=\"container\">\n\t\t\t\t<div class=\"elementor-element elementor-element-e9726ee elementor-widget elementor-widget-heading\" data-id=\"e9726ee\" data-element_type=\"widget\" data-widget_type=\"heading.default\">\n\t\t\t\t<div class=\"elementor-widget-container\">\n\t\t\t\t\t<h4 class=\"elementor-heading-title elementor-size-default\">Li\u00ean h\u1ec7<\/h4>\t\t\t\t<\/div>\n\t\t\t\t<\/div>\n\t\t\t\t<div class=\"elementor-element elementor-element-a886e15 elementor-widget elementor-widget-text-editor\" data-id=\"a886e15\" data-element_type=\"widget\" data-widget_type=\"text-editor.default\">\n\t\t\t\t<div class=\"elementor-widget-container\">\n\t\t\t\t\t\t\t\t\tCh\u00fang t\u00f4i r\u1ea5t mong nh\u1eadn \u0111\u01b0\u1ee3c ph\u1ea3n h\u1ed3i t\u1eeb b\u1ea1n. Vui l\u00f2ng \u0111i\u1ec1n v\u00e0o m\u1eabu n\u00e0y.\t\t\t\t\t\t\t\t<\/div>\n\t\t\t\t<\/div>\n\t\t\t\t<\/div>\n\t\t\t\t<div class=\"elementor-element elementor-element-ee25cd7 elementor-button-align-stretch elementor-widget elementor-widget-form\" data-id=\"ee25cd7\" data-element_type=\"widget\" data-settings=\"{&quot;step_next_label&quot;:&quot;Next&quot;,&quot;step_previous_label&quot;:&quot;Previous&quot;,&quot;button_width&quot;:&quot;100&quot;,&quot;step_type&quot;:&quot;number_text&quot;,&quot;step_icon_shape&quot;:&quot;circle&quot;}\" data-widget_type=\"form.default\">\n\t\t\t\t<div class=\"elementor-widget-container\">\n\t\t\t\t\t\t\t<form class=\"elementor-form\" method=\"post\" name=\"Contact Form\" aria-label=\"Bi\u1ec3u m\u1eabu li\u00ean h\u1ec7\" action=\"\">\n\t\t\t<input type=\"hidden\" name=\"post_id\" value=\"43\"\/>\n\t\t\t<input type=\"hidden\" name=\"form_id\" value=\"ee25cd7\"\/>\n\t\t\t<input type=\"hidden\" name=\"referer_title\" value=\"Contact - Orthian\" \/>\n\n\t\t\t\t\t\t\t<input type=\"hidden\" name=\"queried_id\" value=\"43\"\/>\n\t\t\t\n\t\t\t<div class=\"elementor-form-fields-wrapper elementor-labels-\">\n\t\t\t\t\t\t\t\t<div class=\"elementor-field-type-text elementor-field-group elementor-column elementor-field-group-name elementor-col-100 elementor-field-required\">\n\t\t\t\t\t\t\t\t\t\t\t\t<label for=\"form-field-name\" class=\"elementor-field-label elementor-screen-only\">\n\t\t\t\t\t\t\t\tT\u00ean\t\t\t\t\t\t\t<\/label>\n\t\t\t\t\t\t\t\t\t\t\t\t\t\t<input size=\"1\" type=\"text\" name=\"form_fields[name]\" id=\"form-field-name\" class=\"elementor-field elementor-size-sm  elementor-field-textual\" placeholder=\"T\u00ean c\u1ee7a b\u1ea1n\" required=\"required\">\n\t\t\t\t\t\t\t\t\t\t\t<\/div>\n\t\t\t\t\t\t\t\t<div class=\"elementor-field-type-email elementor-field-group elementor-column elementor-field-group-email elementor-col-100 elementor-field-required\">\n\t\t\t\t\t\t\t\t\t\t\t\t<label for=\"form-field-email\" class=\"elementor-field-label elementor-screen-only\">\n\t\t\t\t\t\t\t\tE-mail\t\t\t\t\t\t\t<\/label>\n\t\t\t\t\t\t\t\t\t\t\t\t\t\t<input size=\"1\" type=\"email\" name=\"form_fields[email]\" id=\"form-field-email\" class=\"elementor-field elementor-size-sm  elementor-field-textual\" placeholder=\"E-mail\" required=\"required\">\n\t\t\t\t\t\t\t\t\t\t\t<\/div>\n\t\t\t\t\t\t\t\t<div class=\"elementor-field-type-textarea elementor-field-group elementor-column elementor-field-group-message elementor-col-100\">\n\t\t\t\t\t\t\t\t\t\t\t\t<label for=\"form-field-message\" class=\"elementor-field-label elementor-screen-only\">\n\t\t\t\t\t\t\t\tTin nh\u1eafn\t\t\t\t\t\t\t<\/label>\n\t\t\t\t\t\t<textarea class=\"elementor-field-textual elementor-field  elementor-size-sm\" name=\"form_fields[message]\" id=\"form-field-message\" rows=\"5\" placeholder=\"Tin nh\u1eafn\"><\/textarea>\t\t\t\t<\/div>\n\t\t\t\t\t\t\t\t<div class=\"elementor-field-type-recaptcha_v3 elementor-field-group elementor-column elementor-field-group-field_51b2acb elementor-col-100 recaptcha_v3-bottomright\">\n\t\t\t\t\t<div class=\"elementor-field\" id=\"form-field-field_51b2acb\"><div class=\"elementor-g-recaptcha\" data-sitekey=\"6LdVcLMqAAAAAF2EjwTScYAAis__l5zMehqH19wx\" data-type=\"v3\" data-action=\"Form\" data-badge=\"bottomright\" data-size=\"invisible\"><\/div><\/div>\t\t\t\t<\/div>\n\t\t\t\t\t\t\t\t<div class=\"elementor-field-type-acceptance elementor-field-group elementor-column elementor-field-group-field_be3f742 elementor-col-100 elementor-field-required\">\n\t\t\t\t\t\t\t<div class=\"elementor-field-subgroup\">\n\t\t\t<span class=\"elementor-field-option\">\n\t\t\t\t<input type=\"checkbox\" name=\"form_fields[field_be3f742]\" id=\"form-field-field_be3f742\" class=\"elementor-field elementor-size-sm  elementor-acceptance-field\" required=\"required\">\n\t\t\t\t<label for=\"form-field-field_be3f742\">I agree to Orthian's <a target=\"_blank\" href=\"\/vi\/privacy-policy\/\">Ch\u00ednh s\u00e1ch b\u1ea3o m\u1eadt<\/a>.<\/label>\t\t\t<\/span>\n\t\t<\/div>\n\t\t\t\t\t\t<\/div>\n\t\t\t\t\t\t\t\t<div class=\"elementor-field-group elementor-column elementor-field-type-submit elementor-col-100 e-form__buttons\">\n\t\t\t\t\t<button class=\"elementor-button elementor-size-sm\" type=\"submit\">\n\t\t\t\t\t\t<span class=\"elementor-button-content-wrapper\">\n\t\t\t\t\t\t\t\t\t\t\t\t\t\t\t\t\t\t\t\t\t\t<span class=\"elementor-button-text\">N\u1ed9p<\/span>\n\t\t\t\t\t\t\t\t\t\t\t\t\t<\/span>\n\t\t\t\t\t<\/button>\n\t\t\t\t<\/div>\n\t\t\t<\/div>\n\t\t<input type=\"hidden\" name=\"trp-form-language\" value=\"vi\"\/><\/form>\n\t\t\t\t\t\t<\/div>\n\t\t\t\t<\/div>\n\t\t\t\t<\/div>\n\t\t<div class=\"elementor-element elementor-element-981c00d e-con-full e-flex e-con e-child\" data-id=\"981c00d\" data-element_type=\"container\">\n\t\t<div class=\"elementor-element elementor-element-31a4e79 e-con-full e-flex e-con e-child\" data-id=\"31a4e79\" data-element_type=\"container\">\n\t\t\t\t<div class=\"elementor-element elementor-element-6db173a elementor-widget elementor-widget-heading\" data-id=\"6db173a\" data-element_type=\"widget\" data-widget_type=\"heading.default\">\n\t\t\t\t<div class=\"elementor-widget-container\">\n\t\t\t\t\t<h5 class=\"elementor-heading-title elementor-size-default\">N\u00f3i \u0111i\u1ec1u g\u00ec \u0111\u00f3 \u0111\u1ec3 b\u1eaft \u0111\u1ea7u tr\u00f2 chuy\u1ec7n tr\u1ef1c ti\u1ebfp!<\/h5>\t\t\t\t<\/div>\n\t\t\t\t<\/div>\n\t\t\t\t<div class=\"elementor-element elementor-element-ac6baec elementor-icon-list--layout-traditional elementor-list-item-link-full_width elementor-widget elementor-widget-icon-list\" data-id=\"ac6baec\" data-element_type=\"widget\" data-widget_type=\"icon-list.default\">\n\t\t\t\t<div class=\"elementor-widget-container\">\n\t\t\t\t\t\t\t<ul class=\"elementor-icon-list-items\">\n\t\t\t\t\t\t\t<li class=\"elementor-icon-list-item\">\n\t\t\t\t\t\t\t\t\t\t\t<a href=\"mailto:contact@orthian.vn\">\n\n\t\t\t\t\t\t\t\t\t\t\t\t<span class=\"elementor-icon-list-icon\">\n\t\t\t\t\t\t\t<svg xmlns=\"http:\/\/www.w3.org\/2000\/svg\" width=\"24\" height=\"25\" viewbox=\"0 0 24 25\" fill=\"none\"><path d=\"M4 20.5C3.45 20.5 2.97933 20.3043 2.588 19.913C2.19667 19.5217 2.00067 19.0507 2 18.5V6.5C2 5.95 2.196 5.47933 2.588 5.088C2.98 4.69667 3.45067 4.50067 4 4.5H20C20.55 4.5 21.021 4.696 21.413 5.088C21.805 5.48 22.0007 5.95067 22 6.5V18.5C22 19.05 21.8043 19.521 21.413 19.913C21.0217 20.305 20.5507 20.5007 20 20.5H4ZM12 13.325C12.0833 13.325 12.171 13.3123 12.263 13.287C12.355 13.2617 12.4423 13.2243 12.525 13.175L19.6 8.75C19.7333 8.66667 19.8333 8.56267 19.9 8.438C19.9667 8.31333 20 8.17567 20 8.025C20 7.69167 19.8583 7.44167 19.575 7.275C19.2917 7.10833 19 7.11667 18.7 7.3L12 11.5L5.3 7.3C5 7.11667 4.70833 7.11267 4.425 7.288C4.14167 7.46333 4 7.709 4 8.025C4 8.19167 4.03333 8.33767 4.1 8.463C4.16667 8.58833 4.26667 8.684 4.4 8.75L11.475 13.175C11.5583 13.225 11.646 13.2627 11.738 13.288C11.83 13.3133 11.9173 13.3257 12 13.325Z\" fill=\"#49494C\"><\/path><\/svg>\t\t\t\t\t\t<\/span>\n\t\t\t\t\t\t\t\t\t\t<span class=\"elementor-icon-list-text\">contact@orthian.vn<\/span>\n\t\t\t\t\t\t\t\t\t\t\t<\/a>\n\t\t\t\t\t\t\t\t\t<\/li>\n\t\t\t\t\t\t\t\t<li class=\"elementor-icon-list-item\">\n\t\t\t\t\t\t\t\t\t\t\t<span class=\"elementor-icon-list-icon\">\n\t\t\t\t\t\t\t<svg xmlns=\"http:\/\/www.w3.org\/2000\/svg\" width=\"24\" height=\"25\" viewbox=\"0 0 24 25\" fill=\"none\"><path d=\"M12 21.825C11.7667 21.825 11.5333 21.7833 11.3 21.7C11.0667 21.6167 10.8583 21.4917 10.675 21.325C9.59167 20.325 8.63333 19.35 7.8 18.4C6.96667 17.45 6.271 16.5293 5.713 15.638C5.155 14.7467 4.73 13.8883 4.438 13.063C4.146 12.2377 4 11.45 4 10.7C4 8.2 4.80433 6.20833 6.413 4.725C8.02167 3.24167 9.884 2.5 12 2.5C14.116 2.5 15.9787 3.24167 17.588 4.725C19.1973 6.20833 20.0013 8.2 20 10.7C20 11.45 19.8543 12.2377 19.563 13.063C19.2717 13.8883 18.8467 14.7467 18.288 15.638C17.7293 16.5293 17.0333 17.45 16.2 18.4C15.3667 19.35 14.4083 20.325 13.325 21.325C13.1417 21.4917 12.9333 21.6167 12.7 21.7C12.4667 21.7833 12.2333 21.825 12 21.825ZM12 12.5C12.55 12.5 13.021 12.3043 13.413 11.913C13.805 11.5217 14.0007 11.0507 14 10.5C13.9993 9.94933 13.8037 9.47867 13.413 9.088C13.0223 8.69733 12.5513 8.50133 12 8.5C11.4487 8.49867 10.978 8.69467 10.588 9.088C10.198 9.48133 10.002 9.952 10 10.5C9.998 11.048 10.194 11.519 10.588 11.913C10.982 12.307 11.4527 12.5027 12 12.5Z\" fill=\"#49494C\"><\/path><\/svg>\t\t\t\t\t\t<\/span>\n\t\t\t\t\t\t\t\t\t\t<span class=\"elementor-icon-list-text\">Floor 1, 202 Le Lai St, Ben Thanh Ward, <br>Ho Chi Minh City, Vietnam<\/span>\n\t\t\t\t\t\t\t\t\t<\/li>\n\t\t\t\t\t\t<\/ul>\n\t\t\t\t\t\t<\/div>\n\t\t\t\t<\/div>\n\t\t\t\t<\/div>\n\t\t<div class=\"elementor-element elementor-element-df63b3c e-con-full e-flex e-con e-child\" data-id=\"df63b3c\" data-element_type=\"container\">\n\t\t\t\t<div class=\"elementor-element elementor-element-a2ea966 elementor-widget elementor-widget-heading\" data-id=\"a2ea966\" data-element_type=\"widget\" data-widget_type=\"heading.default\">\n\t\t\t\t<div class=\"elementor-widget-container\">\n\t\t\t\t\t<h5 class=\"elementor-heading-title elementor-size-default\">Theo d\u00f5i ch\u00fang t\u00f4i<\/h5>\t\t\t\t<\/div>\n\t\t\t\t<\/div>\n\t\t\t\t<div class=\"elementor-element elementor-element-b637193 elementor-shape-circle e-grid-align-left elementor-grid-0 elementor-widget elementor-widget-social-icons\" data-id=\"b637193\" data-element_type=\"widget\" data-widget_type=\"social-icons.default\">\n\t\t\t\t<div class=\"elementor-widget-container\">\n\t\t\t\t\t\t\t<div class=\"elementor-social-icons-wrapper elementor-grid\" role=\"list\">\n\t\t\t\t\t\t\t<span class=\"elementor-grid-item\" role=\"listitem\">\n\t\t\t\t\t<a class=\"elementor-icon elementor-social-icon elementor-social-icon- elementor-animation-grow-rotate elementor-repeater-item-1104542\" href=\"https:\/\/www.linkedin.com\/company\/orthian\/posts\/?feedView=all\" target=\"_blank\" rel=\"noopener\">\n\t\t\t\t\t\t<span class=\"elementor-screen-only\"><\/span>\n\t\t\t\t\t\t<svg xmlns=\"http:\/\/www.w3.org\/2000\/svg\" width=\"24\" height=\"24\" viewbox=\"0 0 24 24\" fill=\"none\"><path d=\"M6.94043 5.00002C6.94017 5.53046 6.7292 6.03906 6.35394 6.41394C5.97868 6.78883 5.46986 6.99929 4.93943 6.99902C4.409 6.99876 3.90039 6.78779 3.52551 6.41253C3.15062 6.03727 2.94016 5.52846 2.94043 4.99802C2.9407 4.46759 3.15166 3.95899 3.52692 3.5841C3.90218 3.20922 4.411 2.99876 4.94143 2.99902C5.47186 2.99929 5.98047 3.21026 6.35535 3.58552C6.73024 3.96078 6.9407 4.46959 6.94043 5.00002ZM7.00043 8.48002H3.00043V21H7.00043V8.48002ZM13.3204 8.48002H9.34043V21H13.2804V14.43C13.2804 10.77 18.0504 10.43 18.0504 14.43V21H22.0004V13.07C22.0004 6.90002 14.9404 7.13002 13.2804 10.16L13.3204 8.48002Z\" fill=\"#F2EDE8\"><\/path><\/svg>\t\t\t\t\t<\/a>\n\t\t\t\t<\/span>\n\t\t\t\t\t\t\t<span class=\"elementor-grid-item\" role=\"listitem\">\n\t\t\t\t\t<a class=\"elementor-icon elementor-social-icon elementor-social-icon- elementor-animation-grow-rotate elementor-repeater-item-4734d77\" href=\"https:\/\/www.facebook.com\/orthian.vietnam\" target=\"_blank\" rel=\"noopener\">\n\t\t\t\t\t\t<span class=\"elementor-screen-only\"><\/span>\n\t\t\t\t\t\t<svg xmlns=\"http:\/\/www.w3.org\/2000\/svg\" width=\"12\" height=\"22\" viewbox=\"0 0 12 22\" fill=\"none\"><path d=\"M7.92461 12.65H10.6746L11.7746 8.25H7.92461V6.05C7.92461 4.917 7.92461 3.85 10.1246 3.85H11.7746V0.154C11.416 0.1067 10.0619 0 8.63191 0C5.64541 0 3.52461 1.8227 3.52461 5.17V8.25H0.224609V12.65H3.52461V22H7.92461V12.65Z\" fill=\"#F2EDE8\"><\/path><\/svg>\t\t\t\t\t<\/a>\n\t\t\t\t<\/span>\n\t\t\t\t\t<\/div>\n\t\t\t\t\t\t<\/div>\n\t\t\t\t<\/div>\n\t\t\t\t<\/div>\n\t\t\t\t<div class=\"elementor-element elementor-element-9d3d029 elementor-absolute elementor-widget-mobile__width-initial elementor-widget-tablet__width-initial elementor-widget elementor-widget-image\" data-id=\"9d3d029\" data-element_type=\"widget\" data-settings=\"{&quot;_position&quot;:&quot;absolute&quot;,&quot;motion_fx_motion_fx_mouse&quot;:&quot;yes&quot;,&quot;motion_fx_tilt_effect&quot;:&quot;yes&quot;,&quot;motion_fx_tilt_speed&quot;:{&quot;unit&quot;:&quot;px&quot;,&quot;size&quot;:8,&quot;sizes&quot;:[]}}\" data-widget_type=\"image.default\">\n\t\t\t\t<div class=\"elementor-widget-container\">\n\t\t\t\t\t\t\t\t\t\t\t\t\t\t\t<img fetchpriority=\"high\" decoding=\"async\" width=\"256\" height=\"256\" src=\"https:\/\/orthian.vn\/wp-content\/uploads\/2024\/09\/logomark.svg\" class=\"attachment-large size-large wp-image-423\" alt=\"\" \/>\t\t\t\t\t\t\t\t\t\t\t\t\t\t\t<\/div>\n\t\t\t\t<\/div>\n\t\t\t\t<\/div>\n\t\t\t\t<\/div>\n\t\t\t\t\t<\/div>\n\t\t\t\t<\/div>\n\t\t\t\t<\/div>","protected":false},"excerpt":{"rendered":"<p>Contact Us Have a project? Let\u2019s talk! Get in Touch We\u2019d love to hear from you. Please fill out this form. Say something to start a live chat! contact@orthian.vn Floor 1, 202 Le Lai St, Ben Thanh Ward, Ho Chi Minh City, Vietnam Follow us<\/p>","protected":false},"author":1,"featured_media":0,"parent":0,"menu_order":0,"comment_status":"closed","ping_status":"closed","template":"elementor_header_footer","meta":{"content-type":"","footnotes":""},"class_list":["post-43","page","type-page","status-publish","hentry"],"acf":[],"_links":{"self":[{"href":"https:\/\/orthian.vn\/vi\/wp-json\/wp\/v2\/pages\/43","targetHints":{"allow":["GET"]}}],"collection":[{"href":"https:\/\/orthian.vn\/vi\/wp-json\/wp\/v2\/pages"}],"about":[{"href":"https:\/\/orthian.vn\/vi\/wp-json\/wp\/v2\/types\/page"}],"author":[{"embeddable":true,"href":"https:\/\/orthian.vn\/vi\/wp-json\/wp\/v2\/users\/1"}],"replies":[{"embeddable":true,"href":"https:\/\/orthian.vn\/vi\/wp-json\/wp\/v2\/comments?post=43"}],"version-history":[{"count":15,"href":"https:\/\/orthian.vn\/vi\/wp-json\/wp\/v2\/pages\/43\/revisions"}],"predecessor-version":[{"id":12402,"href":"https:\/\/orthian.vn\/vi\/wp-json\/wp\/v2\/pages\/43\/revisions\/12402"}],"wp:attachment":[{"href":"https:\/\/orthian.vn\/vi\/wp-json\/wp\/v2\/media?parent=43"}],"curies":[{"name":"wp","href":"https:\/\/api.w.org\/{rel}","templated":true}]}}